{"id":484,"date":"2023-08-14T03:07:32","date_gmt":"2023-08-14T03:07:32","guid":{"rendered":"https:\/\/notariadistritodealvarez.org\/?page_id=484"},"modified":"2023-08-25T00:53:41","modified_gmt":"2023-08-25T00:53:41","slug":"inmobiliario","status":"publish","type":"page","link":"https:\/\/notariadistritodealvarez.org\/index.php\/inmobiliario\/","title":{"rendered":"Inmobiliario"},"content":{"rendered":"\t\t<div data-elementor-type=\"wp-page\" data-elementor-id=\"484\" class=\"elementor elementor-484\">\n\t\t\t\t\t\t\t\t\t<section class=\"elementor-section elementor-top-section elementor-element elementor-element-1b0a5d33 elementor-section-full_width elementor-section-height-default elementor-section-height-default\" data-id=\"1b0a5d33\" data-element_type=\"section\" data-settings=\"{&quot;background_background&quot;:&quot;classic&quot;}\">\n\t\t\t\t\t\t\t<div class=\"elementor-background-overlay\"><\/div>\n\t\t\t\t\t\t\t<div class=\"elementor-container elementor-column-gap-default\">\n\t\t\t\t\t<div class=\"elementor-column elementor-col-100 elementor-top-column elementor-element elementor-element-1f841ba\" data-id=\"1f841ba\" data-element_type=\"column\">\n\t\t\t<div class=\"elementor-widget-wrap elementor-element-populated\">\n\t\t\t\t\t\t\t\t<div class=\"elementor-element elementor-element-365ba0bd elementor-widget-mobile__width-inherit elementor-widget elementor-widget-heading\" data-id=\"365ba0bd\" data-element_type=\"widget\" data-widget_type=\"heading.default\">\n\t\t\t\t<div class=\"elementor-widget-container\">\n\t\t\t<style>\/*! elementor - v3.15.0 - 09-08-2023 *\/\n.elementor-heading-title{padding:0;margin:0;line-height:1}.elementor-widget-heading .elementor-heading-title[class*=elementor-size-]>a{color:inherit;font-size:inherit;line-height:inherit}.elementor-widget-heading .elementor-heading-title.elementor-size-small{font-size:15px}.elementor-widget-heading .elementor-heading-title.elementor-size-medium{font-size:19px}.elementor-widget-heading .elementor-heading-title.elementor-size-large{font-size:29px}.elementor-widget-heading .elementor-heading-title.elementor-size-xl{font-size:39px}.elementor-widget-heading .elementor-heading-title.elementor-size-xxl{font-size:59px}<\/style><h1 class=\"elementor-heading-title elementor-size-default\">Inmobiliario<\/h1>\t\t<\/div>\n\t\t\t\t<\/div>\n\t\t\t\t\t<\/div>\n\t\t<\/div>\n\t\t\t\t\t\t\t<\/div>\n\t\t<\/section>\n\t\t<div class=\"elementor-element elementor-element-a65e481 e-flex e-con-boxed e-con\" data-id=\"a65e481\" data-element_type=\"container\" data-settings=\"{&quot;content_width&quot;:&quot;boxed&quot;}\">\n\t\t\t\t\t<div class=\"e-con-inner\">\n\t\t\t\t<div class=\"elementor-element elementor-element-48d25e8 elementor-widget elementor-widget-text-editor\" data-id=\"48d25e8\" data-element_type=\"widget\" data-widget_type=\"text-editor.default\">\n\t\t\t\t<div class=\"elementor-widget-container\">\n\t\t\t<style>\/*! elementor - v3.15.0 - 09-08-2023 *\/\n.elementor-widget-text-editor.elementor-drop-cap-view-stacked .elementor-drop-cap{background-color:#69727d;color:#fff}.elementor-widget-text-editor.elementor-drop-cap-view-framed .elementor-drop-cap{color:#69727d;border:3px solid;background-color:transparent}.elementor-widget-text-editor:not(.elementor-drop-cap-view-default) .elementor-drop-cap{margin-top:8px}.elementor-widget-text-editor:not(.elementor-drop-cap-view-default) .elementor-drop-cap-letter{width:1em;height:1em}.elementor-widget-text-editor .elementor-drop-cap{float:left;text-align:center;line-height:1;font-size:50px}.elementor-widget-text-editor .elementor-drop-cap-letter{display:inline-block}<\/style>\t\t\t\t<h2>Servicios Inmobiliarios:<\/h2>\t\t\t\t\t\t<\/div>\n\t\t\t\t<\/div>\n\t\t\t\t\t<\/div>\n\t\t\t\t<\/div>\n\t\t\t\t<section class=\"elementor-section elementor-top-section elementor-element elementor-element-5481b323 elementor-reverse-mobile elementor-section-boxed elementor-section-height-default elementor-section-height-default\" data-id=\"5481b323\" data-element_type=\"section\">\n\t\t\t\t\t\t<div class=\"elementor-container elementor-column-gap-no\">\n\t\t\t\t\t<div class=\"elementor-column elementor-col-33 elementor-top-column elementor-element elementor-element-678732c8\" data-id=\"678732c8\" data-element_type=\"column\">\n\t\t\t<div class=\"elementor-widget-wrap elementor-element-populated\">\n\t\t\t\t\t\t\t\t<div class=\"elementor-element elementor-element-e910e9b elementor-widget__width-initial elementor-widget elementor-widget-text-editor\" data-id=\"e910e9b\" data-element_type=\"widget\" data-widget_type=\"text-editor.default\">\n\t\t\t\t<div class=\"elementor-widget-container\">\n\t\t\t\t\t\t\t<p style=\"text-align: left;\">\u2022 Compraventa<br>\u2022 Compraventa con cofinanciamiento INFONAVIT<br>\u2022 Apertura de cr\u00e9dito bancario<br>\u2022 Apertura de cr\u00e9dito INFONAVIT con compraventa<br>\u2022 Apertura de cr\u00e9dito FOVISSSTE con compraventa<br>\u2022 Hipoteca<br>\u2022 Cancelaci\u00f3n de Hipoteca<\/p>\t\t\t\t\t\t<\/div>\n\t\t\t\t<\/div>\n\t\t\t\t\t<\/div>\n\t\t<\/div>\n\t\t\t\t<div class=\"elementor-column elementor-col-33 elementor-top-column elementor-element elementor-element-a61f688\" data-id=\"a61f688\" data-element_type=\"column\">\n\t\t\t<div class=\"elementor-widget-wrap elementor-element-populated\">\n\t\t\t\t\t\t\t\t<div class=\"elementor-element elementor-element-32c08eb elementor-widget__width-initial elementor-widget elementor-widget-text-editor\" data-id=\"32c08eb\" data-element_type=\"widget\" data-widget_type=\"text-editor.default\">\n\t\t\t\t<div class=\"elementor-widget-container\">\n\t\t\t\t\t\t\t<p style=\"text-align: left;\">\u2022 Permuta de inmuebles<br \/>\u2022 Fusi\u00f3n de predios<br \/>\u2022 Subdivisi\u00f3n de predios<br \/>\u2022 Inmatriculaci\u00f3n administrativa o judicial<br \/>\u2022 Gestor\u00eda<br \/>\u2022 Donaci\u00f3n de inmueble<br \/>\u2022 Adjudicaci\u00f3n de bienes por herencia<br \/>\u2022 Constituci\u00f3n de Fideicomiso<\/p>\t\t\t\t\t\t<\/div>\n\t\t\t\t<\/div>\n\t\t\t\t\t<\/div>\n\t\t<\/div>\n\t\t\t\t<div class=\"elementor-column elementor-col-33 elementor-top-column elementor-element elementor-element-435b306\" data-id=\"435b306\" data-element_type=\"column\">\n\t\t\t<div class=\"elementor-widget-wrap elementor-element-populated\">\n\t\t\t\t\t\t\t\t<div class=\"elementor-element elementor-element-76e9b24 elementor-widget__width-initial elementor-widget elementor-widget-text-editor\" data-id=\"76e9b24\" data-element_type=\"widget\" data-widget_type=\"text-editor.default\">\n\t\t\t\t<div class=\"elementor-widget-container\">\n\t\t\t\t\t\t\t<p style=\"text-align: left;\">\u2022 Condominio<br \/>\u2022 Daci\u00f3n en pago<br \/>\u2022 Aportaciones a sociedades o asociaciones<br \/>\u2022 Transmisi\u00f3n o Reversi\u00f3n de propiedad en ejecuci\u00f3n de fideicomiso<\/p>\t\t\t\t\t\t<\/div>\n\t\t\t\t<\/div>\n\t\t\t\t\t<\/div>\n\t\t<\/div>\n\t\t\t\t\t\t\t<\/div>\n\t\t<\/section>\n\t\t<div class=\"elementor-element elementor-element-98b6f54 e-flex e-con-boxed e-con\" data-id=\"98b6f54\" data-element_type=\"container\" data-settings=\"{&quot;content_width&quot;:&quot;boxed&quot;}\">\n\t\t\t\t\t<div class=\"e-con-inner\">\n\t\t\t\t<div class=\"elementor-element elementor-element-8805388 elementor-widget elementor-widget-button\" data-id=\"8805388\" data-element_type=\"widget\" data-widget_type=\"button.default\">\n\t\t\t\t<div class=\"elementor-widget-container\">\n\t\t\t\t\t<div class=\"elementor-button-wrapper\">\n\t\t\t<a class=\"elementor-button elementor-button-link elementor-size-sm\" href=\"https:\/\/notariadistritodealvarez.org\/index.php\/contacto\/#cont\">\n\t\t\t\t\t\t<span class=\"elementor-button-content-wrapper\">\n\t\t\t\t\t\t<span class=\"elementor-button-text\">Solicite una cotizaci\u00f3n<\/span>\n\t\t<\/span>\n\t\t\t\t\t<\/a>\n\t\t<\/div>\n\t\t\t\t<\/div>\n\t\t\t\t<\/div>\n\t\t\t\t\t<\/div>\n\t\t\t\t<\/div>\n\t\t<div class=\"elementor-element elementor-element-0c53fee e-flex e-con-boxed e-con\" data-id=\"0c53fee\" data-element_type=\"container\" data-settings=\"{&quot;background_background&quot;:&quot;classic&quot;,&quot;content_width&quot;:&quot;boxed&quot;}\">\n\t\t\t\t\t<div class=\"e-con-inner\">\n\t\t\t\t<div class=\"elementor-element elementor-element-4497f98 elementor-widget elementor-widget-text-editor\" data-id=\"4497f98\" data-element_type=\"widget\" data-widget_type=\"text-editor.default\">\n\t\t\t\t<div class=\"elementor-widget-container\">\n\t\t\t\t\t\t\t<h4><strong><span style=\"color: #ffffff;\">Le brindamos atenci\u00f3n personalizada en cada uno de nuestros servicio<\/span><\/strong><\/h4>\t\t\t\t\t\t<\/div>\n\t\t\t\t<\/div>\n\t\t\t\t\t<\/div>\n\t\t\t\t<\/div>\n\t\t\t\t\t\t\t<\/div>\n\t\t","protected":false},"excerpt":{"rendered":"<p>Inmobiliario Servicios Inmobiliarios: \u2022 Compraventa\u2022 Compraventa con cofinanciamiento INFONAVIT\u2022 Apertura de cr\u00e9dito bancario\u2022 Apertura de cr\u00e9dito INFONAVIT con compraventa\u2022 Apertura de cr\u00e9dito FOVISSSTE con compraventa\u2022 Hipoteca\u2022 Cancelaci\u00f3n de Hipoteca \u2022 Permuta de inmuebles\u2022 Fusi\u00f3n de predios\u2022 Subdivisi\u00f3n de predios\u2022 Inmatriculaci\u00f3n administrativa o judicial\u2022 Gestor\u00eda\u2022 Donaci\u00f3n de inmueble\u2022 Adjudicaci\u00f3n de bienes por herencia\u2022 Constituci\u00f3n de Fideicomiso &hellip;<\/p>\n<p class=\"read-more\"> <a class=\"\" href=\"https:\/\/notariadistritodealvarez.org\/index.php\/inmobiliario\/\"> <span class=\"screen-reader-text\">Inmobiliario<\/span> Read More &raquo;<\/a><\/p>\n","protected":false},"author":1,"featured_media":0,"parent":0,"menu_order":0,"comment_status":"closed","ping_status":"closed","template":"","meta":{"om_disable_all_campaigns":false,"_monsterinsights_skip_tracking":false,"_monsterinsights_sitenote_active":false,"_monsterinsights_sitenote_note":"","_monsterinsights_sitenote_category":0,"site-sidebar-layout":"no-sidebar","site-content-layout":"page-builder","ast-global-header-display":"","ast-banner-title-visibility":"","ast-main-header-display":"","ast-hfb-above-header-display":"","ast-hfb-below-header-display":"","ast-hfb-mobile-header-display":"","site-post-title":"disabled","ast-breadcrumbs-content":"","ast-featured-img":"","footer-sml-layout":"","theme-transparent-header-meta":"disabled","adv-header-id-meta":"","stick-header-meta":"","header-above-stick-meta":"","header-main-stick-meta":"","header-below-stick-meta":"","footnotes":""},"aioseo_notices":[],"_links":{"self":[{"href":"https:\/\/notariadistritodealvarez.org\/index.php\/wp-json\/wp\/v2\/pages\/484"}],"collection":[{"href":"https:\/\/notariadistritodealvarez.org\/index.php\/wp-json\/wp\/v2\/pages"}],"about":[{"href":"https:\/\/notariadistritodealvarez.org\/index.php\/wp-json\/wp\/v2\/types\/page"}],"author":[{"embeddable":true,"href":"https:\/\/notariadistritodealvarez.org\/index.php\/wp-json\/wp\/v2\/users\/1"}],"replies":[{"embeddable":true,"href":"https:\/\/notariadistritodealvarez.org\/index.php\/wp-json\/wp\/v2\/comments?post=484"}],"version-history":[{"count":55,"href":"https:\/\/notariadistritodealvarez.org\/index.php\/wp-json\/wp\/v2\/pages\/484\/revisions"}],"predecessor-version":[{"id":741,"href":"https:\/\/notariadistritodealvarez.org\/index.php\/wp-json\/wp\/v2\/pages\/484\/revisions\/741"}],"wp:attachment":[{"href":"https:\/\/notariadistritodealvarez.org\/index.php\/wp-json\/wp\/v2\/media?parent=484"}],"curies":[{"name":"wp","href":"https:\/\/api.w.org\/{rel}","templated":true}]}}